{"id":2,"date":"2025-06-17T08:53:44","date_gmt":"2025-06-17T08:53:44","guid":{"rendered":"https:\/\/fleetopticsded.wpenginepowered.com\/?page_id=2"},"modified":"2025-10-20T19:11:19","modified_gmt":"2025-10-20T19:11:19","slug":"home","status":"publish","type":"page","link":"https:\/\/fleetopticsdedicated.com\/fr\/","title":{"rendered":"Home"},"content":{"rendered":"<div class=\"wp-block-buttons is-layout-flex wp-block-buttons-is-layout-flex\"><div class=\"wp-block-button\"><a class=\"wp-block-button__link\">POSTULEZ MAINTENANT<\/a><\/div><\/div>\n\n<figure class=\"wp-block-image size-full\"><img loading=\"lazy\" decoding=\"async\" width=\"400\" height=\"452\" src=\"https:\/\/fleetopticsdedicated.com\/wp-content\/uploads\/2025\/07\/FO_Drive_with_us_Job.png\" alt class=\"wp-image-11\" srcset=\"https:\/\/fleetopticsdedicated.com\/wp-content\/uploads\/2025\/07\/FO_Drive_with_us_Job.png 400w, https:\/\/fleetopticsdedicated.com\/wp-content\/uploads\/2025\/07\/FO_Drive_with_us_Job-265x300.png 265w\" sizes=\"auto, (max-width: 400px) 100vw, 400px\" \/><\/figure>\n\n<p>We require all of our delivery vendors including Independent Contractors to meet the following requirements:<\/p><ul><li>Articles of Incorporation<\/li><\/ul><ul><li>All vehicles must have: Insurance, Registration and must be a Sedan, SUV, Sprinter or Minivan<\/li><li>All Independent Contractors and those who drive for them must have: valid, current Driver\u2019s License ,clean Driver\u2019s Abstract, ability to lift up to 50lbs, comfort with navigating a smartphone handheld<\/li><\/ul>\n\n<div class=\"wp-block-buttons is-layout-flex wp-block-buttons-is-layout-flex\"><div class=\"wp-block-button\"><a class=\"wp-block-button__link\">SUBMIT INDEPENDENT CONTRACTOR REQUEST<\/a><\/div><\/div>\n\n<h5 class=\"has-text-align-left wp-block-heading\">Be your own boss<\/h5>\n\n<figure class=\"wp-block-image size-large\"><img decoding=\"async\" src=\"https:\/\/fleetopticsdedicated.com\/wp-content\/themes\/bricks\/assets\/images\/placeholder-image-800x600.jpg\" alt><\/figure>\n\nOur Independent Contractors\nare not employees. It\u2019s your business. You are free to work with your other\ncustomers.\u00a0\u00a0 You have the opportunity to grow\nyour business the way you want.\u00a0\n\n<figure class=\"wp-block-image size-large\"><img decoding=\"async\" src=\"https:\/\/fleetopticsdedicated.com\/wp-content\/themes\/bricks\/assets\/images\/placeholder-image-800x600.jpg\" alt><\/figure>\n\n<h5 class=\"wp-block-heading\">GREAT ENVIRONMENT<\/h5>\n\nLove dynamic work and having to not sit behind a desk all day. Be outside and enjoy your day making a difference!\n\n<figure class=\"wp-block-image size-large\"><img decoding=\"async\" src=\"https:\/\/fleetopticsdedicated.com\/wp-content\/themes\/bricks\/assets\/images\/placeholder-image-800x600.jpg\" alt><\/figure>\n\n<h5 class=\"wp-block-heading\">AMAZING people<\/h5>\n\nBe part of a respected\u00a0group of independent business owners and get support to grow your business.\n\n<figure class=\"wp-block-image size-large\"><img decoding=\"async\" src=\"https:\/\/fleetopticsdedicated.com\/wp-content\/themes\/bricks\/assets\/images\/placeholder-image-800x600.jpg\" alt><\/figure>\n\n<h5 class=\"wp-block-heading\">EASY TO USE APP<\/h5>\n\nOur App is easy to use with clear route instructions to optimize your routes and density. \u00a0\n\n<figure class=\"wp-block-image size-large\"><img decoding=\"async\" src=\"https:\/\/fleetopticsdedicated.com\/wp-content\/themes\/bricks\/assets\/images\/placeholder-image-800x600.jpg\" alt><\/figure>\n\n<h5 class=\"wp-block-heading\">COMPREHENSIVE DISPATCH SUPPORT<\/h5>\n\nThere\u2019s a team on standby to assist you all day.\u00a0 You are not alone.\u00a0\n\n<h6 class=\"wp-block-heading\">Driver&#8217;s License<\/h6>\n\n<h6 class=\"wp-block-heading\">Vehicle Insurance<\/h6>\n\n<h6 class=\"wp-block-heading\">Vehicle Registration<\/h6>\n\n<h6 class=\"wp-block-heading\">Clean Driver&#8217;s Abstract<\/h6>\n\n<h6 class=\"wp-block-heading\">Business Number\/Articles of Incorporation<\/h6>\n\n<figure class=\"wp-block-image size-large\"><img decoding=\"async\" src=\"https:\/\/fleetopticsdedicated.com\/wp-content\/themes\/bricks\/assets\/images\/placeholder-image-800x600.jpg\" alt><\/figure>\n\n<h5 class=\"has-text-align-left wp-block-heading\">COMPETITIVE Rates<\/h5>\n\nWe offer competitive rates. Ask us!\u00a0\n\n<h1 class=\"wp-block-heading\">QUI VALORISE LA S\u00c9CURIT\u00c9, LE SERVICE ET L\u2019EFFICACIT\u00c9<\/h1>\n\nWe\u2019re looking for responsible, motivated Delivery Associates to join our growing Operations team, operating out of three of our DC\u2019s &#8211; one in Richmond Hill and two in Mississauga.<div>Si vous \u00eates \u00e0 l\u2019aise sur la route, ax\u00e9 sur le service \u00e0 la client\u00e8le et avez de l\u2019exp\u00e9rience en livraison de colis ou en services de messagerie, nous voulons vous rencontrer.<\/div>\n\n<div class=\"wp-block-buttons is-layout-flex wp-block-buttons-is-layout-flex\"><div class=\"wp-block-button\"><a class=\"wp-block-button__link\">POSTULEZ MAINTENANT<\/a><\/div><\/div>\n\n<figure class=\"wp-block-image size-full\"><img loading=\"lazy\" decoding=\"async\" width=\"400\" height=\"452\" src=\"https:\/\/fleetopticsdedicated.com\/wp-content\/uploads\/2025\/07\/FO_Drive_with_us_Job.png\" alt class=\"wp-image-11\" srcset=\"https:\/\/fleetopticsdedicated.com\/wp-content\/uploads\/2025\/07\/FO_Drive_with_us_Job.png 400w, https:\/\/fleetopticsdedicated.com\/wp-content\/uploads\/2025\/07\/FO_Drive_with_us_Job-265x300.png 265w\" sizes=\"auto, (max-width: 400px) 100vw, 400px\" \/><\/figure>\n\n<p>We require all of our delivery vendors including Independent Contractors to meet the following requirements:<\/p><ul><li>Articles of Incorporation<\/li><\/ul><ul><li>All vehicles must have: Insurance, Registration and must be a Sedan, SUV, Sprinter or Minivan<\/li><li>All Independent Contractors and those who drive for them must have: valid, current Driver\u2019s License ,clean Driver\u2019s Abstract, ability to lift up to 50lbs, comfort with navigating a smartphone handheld<\/li><\/ul>\n\n<div class=\"wp-block-buttons is-layout-flex wp-block-buttons-is-layout-flex\"><div class=\"wp-block-button\"><a class=\"wp-block-button__link\">SUBMIT INDEPENDENT CONTRACTOR REQUEST<\/a><\/div><\/div>\n\n<h5 class=\"has-text-align-left wp-block-heading\">Be your own boss<\/h5>\n\n<figure class=\"wp-block-image size-large\"><img decoding=\"async\" src=\"https:\/\/fleetopticsdedicated.com\/wp-content\/themes\/bricks\/assets\/images\/placeholder-image-800x600.jpg\" alt><\/figure>\n\nOur Independent Contractors\nare not employees. It\u2019s your business. You are free to work with your other\ncustomers.\u00a0\u00a0 You have the opportunity to grow\nyour business the way you want.\u00a0\n\n<figure class=\"wp-block-image size-large\"><img decoding=\"async\" src=\"https:\/\/fleetopticsdedicated.com\/wp-content\/themes\/bricks\/assets\/images\/placeholder-image-800x600.jpg\" alt><\/figure>\n\n<h5 class=\"wp-block-heading\">GREAT ENVIRONMENT<\/h5>\n\nLove dynamic work and having to not sit behind a desk all day. Be outside and enjoy your day making a difference!\n\n<figure class=\"wp-block-image size-large\"><img decoding=\"async\" src=\"https:\/\/fleetopticsdedicated.com\/wp-content\/themes\/bricks\/assets\/images\/placeholder-image-800x600.jpg\" alt><\/figure>\n\n<h5 class=\"wp-block-heading\">AMAZING people<\/h5>\n\nBe part of a respected\u00a0group of independent business owners and get support to grow your business.\n\n<figure class=\"wp-block-image size-large\"><img decoding=\"async\" src=\"https:\/\/fleetopticsdedicated.com\/wp-content\/themes\/bricks\/assets\/images\/placeholder-image-800x600.jpg\" alt><\/figure>\n\n<h5 class=\"wp-block-heading\">EASY TO USE APP<\/h5>\n\nOur App is easy to use with clear route instructions to optimize your routes and density. \u00a0\n\n<figure class=\"wp-block-image size-large\"><img decoding=\"async\" src=\"https:\/\/fleetopticsdedicated.com\/wp-content\/themes\/bricks\/assets\/images\/placeholder-image-800x600.jpg\" alt><\/figure>\n\n<h5 class=\"wp-block-heading\">COMPREHENSIVE DISPATCH SUPPORT<\/h5>\n\nThere\u2019s a team on standby to assist you all day.\u00a0 You are not alone.\u00a0\n\n<h6 class=\"wp-block-heading\">Driver&#8217;s License<\/h6>\n\n<h6 class=\"wp-block-heading\">Vehicle Insurance<\/h6>\n\n<h6 class=\"wp-block-heading\">Vehicle Registration<\/h6>\n\n<h6 class=\"wp-block-heading\">Clean Driver&#8217;s Abstract<\/h6>\n\n<h6 class=\"wp-block-heading\">Business Number\/Articles of Incorporation<\/h6>\n\n<figure class=\"wp-block-image size-large\"><img decoding=\"async\" src=\"https:\/\/fleetopticsdedicated.com\/wp-content\/themes\/bricks\/assets\/images\/placeholder-image-800x600.jpg\" alt><\/figure>\n\n<h5 class=\"has-text-align-left wp-block-heading\">COMPETITIVE Rates<\/h5>\n\nWe offer competitive rates. Ask us!\u00a0\n\nAre you looking for an opportunity to drive success? FleetOptics is currently looking for Independent Contractors who enjoy delivering top-tier customer service, and are ready to tackle a new challenge.<br><br>So if you\u2019re looking for a company that will help you drive success \u2013 then FleetOptics is the perfect place for you!\n\n<div class=\"wp-block-buttons is-layout-flex wp-block-buttons-is-layout-flex\"><div class=\"wp-block-button\"><a class=\"wp-block-button__link\">EXPLORE INDEPENDENT CONTRACTOR OPPORTUNITIES<\/a><\/div><\/div>\n\n<figure class=\"wp-block-image size-large\"><img decoding=\"async\" src=\"https:\/\/fleetopticsdedicated.com\/wp-content\/themes\/bricks\/assets\/images\/placeholder-image-800x600.jpg\" alt><\/figure>\n\n<figure class=\"wp-block-image size-large\"><img decoding=\"async\" src=\"https:\/\/fleetopticsdedicated.com\/wp-content\/themes\/bricks\/assets\/images\/placeholder-image-800x600.jpg\" alt><\/figure>\n\nWe\u2019re looking for responsible, motivated Delivery Associates to join our growing Operations team, operating out of three of our DC\u2019s &#8211; one in Richmond Hill and two in Mississauga. <br>Si vous \u00eates \u00e0 l\u2019aise sur la route, ax\u00e9 sur le service \u00e0 la client\u00e8le et avez de l\u2019exp\u00e9rience en livraison de colis ou en services de messagerie, nous voulons vous rencontrer.<br>\n\n<div class=\"wp-block-buttons is-layout-flex wp-block-buttons-is-layout-flex\"><div class=\"wp-block-button\"><a class=\"wp-block-button__link\">POSTULEZ MAINTENANT<\/a><\/div><\/div>\n\n<h1 class=\"wp-block-heading\">REJOIGNEZ UNE \u00c9QUIPE<\/h1>\n\n<figure class=\"wp-block-image size-full\"><img loading=\"lazy\" decoding=\"async\" width=\"400\" height=\"452\" src=\"https:\/\/fleetopticsdedicated.com\/wp-content\/uploads\/2025\/07\/FO_Drive_with_us_Job.png\" alt class=\"wp-image-11\" srcset=\"https:\/\/fleetopticsdedicated.com\/wp-content\/uploads\/2025\/07\/FO_Drive_with_us_Job.png 400w, https:\/\/fleetopticsdedicated.com\/wp-content\/uploads\/2025\/07\/FO_Drive_with_us_Job-265x300.png 265w\" sizes=\"auto, (max-width: 400px) 100vw, 400px\" \/><\/figure>\n\n<h2 class=\"wp-block-heading\">DRIVE IN THE SMART LANE FOR US!<\/h2>\n\n<h2 class=\"wp-block-heading\">BE YOUR OWN BOSS<\/h2>\n\n<p>We require all of our delivery vendors including Independent Contractors to meet the following requirements:<\/p><ul><li>Articles of Incorporation<\/li><\/ul><ul><li>All vehicles must have: Insurance, Registration and must be a Sedan, SUV, Sprinter or Minivan<\/li><li>All Independent Contractors and those who drive for them must have: valid, current Driver\u2019s License ,clean Driver\u2019s Abstract, ability to lift up to 50lbs, comfort with navigating a smartphone handheld<\/li><\/ul>\n\n<div class=\"wp-block-buttons is-layout-flex wp-block-buttons-is-layout-flex\"><div class=\"wp-block-button\"><a class=\"wp-block-button__link\">SUBMIT INDEPENDENT CONTRACTOR REQUEST<\/a><\/div><\/div>\n\n<h2 class=\"wp-block-heading\"><span>ARE YOU LOOKING FOR AN OPPORTUNITY<\/span> THAT IS PHYSICALLY ACTIVE, AND ALLOWS YOU TO SERVICE CUSTOMERS FROM ALL TYPES OF INDUSTRIES?<\/h2>\n\n<h5 class=\"has-text-align-left wp-block-heading\">Be your own boss<\/h5>\n\n<figure class=\"wp-block-image size-large\"><img decoding=\"async\" src=\"https:\/\/fleetopticsdedicated.com\/wp-content\/themes\/bricks\/assets\/images\/placeholder-image-800x600.jpg\" alt><\/figure>\n\nOur Independent Contractors\nare not employees. It\u2019s your business. You are free to work with your other\ncustomers.\u00a0\u00a0 You have the opportunity to grow\nyour business the way you want.\u00a0\n\n<figure class=\"wp-block-image size-large\"><img decoding=\"async\" src=\"https:\/\/fleetopticsdedicated.com\/wp-content\/themes\/bricks\/assets\/images\/placeholder-image-800x600.jpg\" alt><\/figure>\n\n<h5 class=\"wp-block-heading\">GREAT ENVIRONMENT<\/h5>\n\nLove dynamic work and having to not sit behind a desk all day. Be outside and enjoy your day making a difference!\n\n\n\n<figure class=\"wp-block-image size-large\"><img decoding=\"async\" src=\"https:\/\/fleetopticsdedicated.com\/wp-content\/themes\/bricks\/assets\/images\/placeholder-image-800x600.jpg\" alt><\/figure>\n\n<h5 class=\"wp-block-heading\">AMAZING people<\/h5>\n\nBe part of a respected\u00a0group of independent business owners and get support to grow your business.\n\n<figure class=\"wp-block-image size-large\"><img decoding=\"async\" src=\"https:\/\/fleetopticsdedicated.com\/wp-content\/themes\/bricks\/assets\/images\/placeholder-image-800x600.jpg\" alt><\/figure>\n\n<h5 class=\"wp-block-heading\">EASY TO USE APP<\/h5>\n\nOur App is easy to use with clear route instructions to optimize your routes and density. \u00a0\n\n<figure class=\"wp-block-image size-large\"><img decoding=\"async\" src=\"https:\/\/fleetopticsdedicated.com\/wp-content\/themes\/bricks\/assets\/images\/placeholder-image-800x600.jpg\" alt><\/figure>\n\n<h5 class=\"wp-block-heading\">COMPREHENSIVE DISPATCH SUPPORT<\/h5>\n\nThere\u2019s a team on standby to assist you all day.\u00a0 You are not alone.\u00a0\n\n<h6 class=\"wp-block-heading\">Driver&#8217;s License<\/h6>\n\n<h6 class=\"wp-block-heading\">Vehicle Insurance<\/h6>\n\n<h6 class=\"wp-block-heading\">Vehicle Registration<\/h6>\n\n<h6 class=\"wp-block-heading\">Clean Driver&#8217;s Abstract<\/h6>\n\n<h6 class=\"wp-block-heading\">Business Number\/Articles of Incorporation<\/h6>\n\n<figure class=\"wp-block-image size-large\"><img decoding=\"async\" src=\"https:\/\/fleetopticsdedicated.com\/wp-content\/themes\/bricks\/assets\/images\/placeholder-image-800x600.jpg\" alt><\/figure>\n\n<h5 class=\"has-text-align-left wp-block-heading\">COMPETITIVE Rates<\/h5>\n\nWe offer competitive rates. Ask us!\u00a0\n\n<h1 class=\"wp-block-heading\">QUI VALORISE LA S\u00c9CURIT\u00c9, LE SERVICE ET L\u2019EFFICACIT\u00c9<\/h1>","protected":false},"excerpt":{"rendered":"<p>We require all of our delivery vendors including Independent Contractors to meet the following requirements: Articles of Incorporation All vehicles must have: Insurance, Registration and must be a Sedan, SUV, Sprinter or Minivan All Independent Contractors and those who drive for them must have: valid, current Driver\u2019s License ,clean Driver\u2019s Abstract, ability to lift up [&hellip;]<\/p>\n","protected":false},"author":1,"featured_media":0,"parent":0,"menu_order":0,"comment_status":"closed","ping_status":"closed","template":"","meta":{"inline_featured_image":false,"footnotes":""},"class_list":["post-2","page","type-page","status-publish","hentry"],"_links":{"self":[{"href":"https:\/\/fleetopticsdedicated.com\/fr\/wp-json\/wp\/v2\/pages\/2","targetHints":{"allow":["GET"]}}],"collection":[{"href":"https:\/\/fleetopticsdedicated.com\/fr\/wp-json\/wp\/v2\/pages"}],"about":[{"href":"https:\/\/fleetopticsdedicated.com\/fr\/wp-json\/wp\/v2\/types\/page"}],"author":[{"embeddable":true,"href":"https:\/\/fleetopticsdedicated.com\/fr\/wp-json\/wp\/v2\/users\/1"}],"replies":[{"embeddable":true,"href":"https:\/\/fleetopticsdedicated.com\/fr\/wp-json\/wp\/v2\/comments?post=2"}],"version-history":[{"count":0,"href":"https:\/\/fleetopticsdedicated.com\/fr\/wp-json\/wp\/v2\/pages\/2\/revisions"}],"wp:attachment":[{"href":"https:\/\/fleetopticsdedicated.com\/fr\/wp-json\/wp\/v2\/media?parent=2"}],"curies":[{"name":"wp","href":"https:\/\/api.w.org\/{rel}","templated":true}]}}